{"id":2289,"date":"2025-12-23T17:46:28","date_gmt":"2025-12-23T16:46:28","guid":{"rendered":"https:\/\/ultra-izobrazevanja.uni-lj.si\/?page_id=2289"},"modified":"2025-12-23T17:53:49","modified_gmt":"2025-12-23T16:53:49","slug":"o-projektu-ultra","status":"publish","type":"page","link":"https:\/\/ultra-izobrazevanja.uni-lj.si\/index.php\/o-projektu-ultra\/","title":{"rendered":"O projektu ULTRA"},"content":{"rendered":"<p><div class=\"fusion-fullwidth fullwidth-box fusion-builder-row-1 fusion-flex-container has-pattern-background has-mask-background nonhundred-percent-fullwidth non-hundred-percent-height-scrolling\" style=\"--awb-border-radius-top-left:0px;--awb-border-radius-top-right:0px;--awb-border-radius-bottom-right:0px;--awb-border-radius-bottom-left:0px;--awb-padding-bottom:5%;--awb-flex-wrap:wrap;\" ><div class=\"fusion-builder-row fusion-row fusion-flex-align-items-flex-start fusion-flex-content-wrap\" style=\"max-width:1185.6px;margin-left: calc(-4% \/ 2 );margin-right: calc(-4% \/ 2 );\"><div class=\"fusion-layout-column fusion_builder_column fusion-builder-column-0 fusion_builder_column_1_1 1_1 fusion-flex-column\" style=\"--awb-bg-size:cover;--awb-width-large:100%;--awb-margin-top-large:0px;--awb-spacing-right-large:1.92%;--awb-margin-bottom-large:0px;--awb-spacing-left-large:1.92%;--awb-width-medium:100%;--awb-order-medium:0;--awb-spacing-right-medium:1.92%;--awb-spacing-left-medium:1.92%;--awb-width-small:100%;--awb-order-small:0;--awb-spacing-right-small:1.92%;--awb-spacing-left-small:1.92%;\"><div class=\"fusion-column-wrapper fusion-column-has-shadow fusion-flex-justify-content-flex-start fusion-content-layout-column\"><div class=\"fusion-title title fusion-title-1 fusion-sep-none fusion-title-text fusion-title-size-three\"><h3 class=\"fusion-title-heading title-heading-left fusion-responsive-typography-calculated\" style=\"margin:0;--fontSize:45;line-height:var(--awb-typography1-line-height);\">O projektu ULTRA<\/h3><\/div><div class=\"fusion-text fusion-text-1\"><p style=\"font-weight: 400;\">V okviru projekta ULTRA (UL za trajnostno dru\u017ebo) je UL zastavila 11 inter- in multidisciplinarnih pilotov ter v vsakem pilotu povezala med sabo ve\u010d \u010dlanic. Na tak na\u010din UL celovito naslavlja izzive zelenega in digitalnega prehoda na razli\u010dnih \u0161tudijskih podro\u010djih kot tudi za re\u0161evanje dru\u017ebenih in gospodarskih izzivov, povezanih z zeleno in digitalno transformacijo dru\u017ebe in gospodarstva.<\/p>\n<\/div><\/div><\/div><\/div><\/div><div class=\"fusion-fullwidth fullwidth-box fusion-builder-row-2 fusion-flex-container has-pattern-background has-mask-background nonhundred-percent-fullwidth non-hundred-percent-height-scrolling\" style=\"--awb-border-radius-top-left:0px;--awb-border-radius-top-right:0px;--awb-border-radius-bottom-right:0px;--awb-border-radius-bottom-left:0px;--awb-padding-bottom:5%;--awb-flex-wrap:wrap;\" ><div class=\"fusion-builder-row fusion-row fusion-flex-align-items-flex-start fusion-flex-content-wrap\" style=\"max-width:1185.6px;margin-left: calc(-4% \/ 2 );margin-right: calc(-4% \/ 2 );\"><div class=\"fusion-layout-column fusion_builder_column fusion-builder-column-1 fusion_builder_column_1_1 1_1 fusion-flex-column\" style=\"--awb-bg-size:cover;--awb-width-large:100%;--awb-margin-top-large:0px;--awb-spacing-right-large:1.92%;--awb-margin-bottom-large:0px;--awb-spacing-left-large:1.92%;--awb-width-medium:100%;--awb-order-medium:0;--awb-spacing-right-medium:1.92%;--awb-spacing-left-medium:1.92%;--awb-width-small:100%;--awb-order-small:0;--awb-spacing-right-small:1.92%;--awb-spacing-left-small:1.92%;\"><div class=\"fusion-column-wrapper fusion-column-has-shadow fusion-flex-justify-content-flex-start fusion-content-layout-column\"><div class=\"fusion-title title fusion-title-2 fusion-sep-none fusion-title-text fusion-title-size-three\" style=\"--awb-font-size:26px;\"><h3 class=\"fusion-title-heading title-heading-left fusion-responsive-typography-calculated\" style=\"margin:0;font-size:1em;--fontSize:26;line-height:var(--awb-typography1-line-height);\">Cilj:<\/h3><\/div><div class=\"fusion-text fusion-text-2\"><p style=\"font-weight: 400;\">Pilotni projekti UL celovito naslavljajo ume\u0161\u010danje kompetenc, klju\u010dnih za <strong>zelen in digitalen prehod<\/strong>\u00a0v kurikule ob upo\u0161tevanju potreb trga po znanjih in ve\u0161\u010dinah ter prestrukturiranju obstoje\u010de in prihodnje delovne sile za oblikovanje Dru\u017ebe 5.0 s koncepti vse\u017eivljenjskega u\u010denja.<\/p>\n<p style=\"font-weight: 400;\">UL bo, s sistemati\u010dnim spremljanjem in evalviranjem izvajanja pilotnih projektov, v okviru katerih se bo razvijalo in preizku\u0161alo razli\u010dne na\u010dine prenove visoko\u0161olskih strokovnih \u0161tudijskih programov, vklju\u010dno z zagotavljanjem ustreznih u\u010dnih okolij, zagotovila zadostna digitalna znanja in kompetenc za trajnostni razvoj in prispevala k pospe\u0161itvi zelenega ter digitalnega prehoda v Dru\u017ebo 5.0.<\/p>\n<p style=\"font-weight: 400;\">UL bo oblikovala nabor mo\u017enih ukrepov za sistemske spremembe z vidika zasledovanja ciljev trajnostnega razvoja in uspe\u0161nega digitalnega prehoda na ravni UL kot tudi njenih \u010dlanih ter obenem predlagala ustrezne ukrepe tudi na nacionalni ravni.<\/p>\n<p style=\"font-weight: 400;\">Na UL bo izvedenih 11 pilotnih projektov. Ve\u010d si lahko preberete na naslednji\u00a0<a href=\"https:\/\/www.uni-lj.si\/o_univerzi_v_ljubljani\/projekti\/nacrt_za_okrevanje_in_odpornost_%E2%80%93_noo\/reforma_vs_ul_za_trajnostno_druzbo_%E2%80%93_ultra\/\">povezavi.<\/a><\/p>\n<\/div><\/div><\/div><\/div><\/div><\/p>\n","protected":false},"excerpt":{"rendered":"","protected":false},"author":1,"featured_media":0,"parent":0,"menu_order":0,"comment_status":"closed","ping_status":"closed","template":"","meta":{"footnotes":""},"class_list":["post-2289","page","type-page","status-publish","hentry"],"_links":{"self":[{"href":"https:\/\/ultra-izobrazevanja.uni-lj.si\/index.php\/wp-json\/wp\/v2\/pages\/2289","targetHints":{"allow":["GET"]}}],"collection":[{"href":"https:\/\/ultra-izobrazevanja.uni-lj.si\/index.php\/wp-json\/wp\/v2\/pages"}],"about":[{"href":"https:\/\/ultra-izobrazevanja.uni-lj.si\/index.php\/wp-json\/wp\/v2\/types\/page"}],"author":[{"embeddable":true,"href":"https:\/\/ultra-izobrazevanja.uni-lj.si\/index.php\/wp-json\/wp\/v2\/users\/1"}],"replies":[{"embeddable":true,"href":"https:\/\/ultra-izobrazevanja.uni-lj.si\/index.php\/wp-json\/wp\/v2\/comments?post=2289"}],"version-history":[{"count":7,"href":"https:\/\/ultra-izobrazevanja.uni-lj.si\/index.php\/wp-json\/wp\/v2\/pages\/2289\/revisions"}],"predecessor-version":[{"id":2298,"href":"https:\/\/ultra-izobrazevanja.uni-lj.si\/index.php\/wp-json\/wp\/v2\/pages\/2289\/revisions\/2298"}],"wp:attachment":[{"href":"https:\/\/ultra-izobrazevanja.uni-lj.si\/index.php\/wp-json\/wp\/v2\/media?parent=2289"}],"curies":[{"name":"wp","href":"https:\/\/api.w.org\/{rel}","templated":true}]}}